{"id":16018,"date":"2022-05-18T11:46:40","date_gmt":"2022-05-18T09:46:40","guid":{"rendered":"https:\/\/unterbaech.ch\/remontees-mecaniques-de-sport\/tarifs-ete\/"},"modified":"2025-03-21T15:57:03","modified_gmt":"2025-03-21T14:57:03","slug":"tarifs-ete","status":"publish","type":"page","link":"https:\/\/unterbaech.ch\/fr\/remontees-mecaniques-de-sport\/tarifs-ete\/","title":{"rendered":"Tarifs \u00e9t\u00e9"},"content":{"rendered":"\n<style type=\"text\/css\" data-created_by=\"avia_inline_auto\" id=\"style-css-av-kbax8y3e-4b97ba0779402d83a98b0358c537080e\">\n.avia-section.av-kbax8y3e-4b97ba0779402d83a98b0358c537080e .av-parallax .av-parallax-inner{\nbackground-repeat:no-repeat;\nbackground-image:url(https:\/\/unterbaech.ch\/wp-content\/uploads\/DSC00625_marcoschnyder.jpg);\nbackground-position:50% 50%;\nbackground-attachment:scroll;\n}\n<\/style>\n<div id='av_section_1'  class='avia-section av-kbax8y3e-4b97ba0779402d83a98b0358c537080e main_color avia-section-default avia-no-border-styling  avia-builder-el-0  el_before_av_section  avia-builder-el-first  section-fullwidthimage avia-full-stretch av-parallax-section avia-bg-style-parallax av-minimum-height av-minimum-height-50 av-height-50  container_wrap fullsize'  data-section-bg-repeat='stretch' data-av_minimum_height_pc='50' data-av_min_height_opt='50'><div class='av-parallax' data-avia-parallax-ratio='0.3' ><div class='av-parallax-inner main_color avia-full-stretch'><\/div><\/div><div class='container av-section-cont-open' ><main  role=\"main\" itemprop=\"mainContentOfPage\"  class='template-page content  av-content-full alpha units'><div class='post-entry post-entry-type-page post-entry-16018'><div class='entry-content-wrapper clearfix'>\n<\/div><\/div><\/main><!-- close content main element --><\/div><\/div><div id='av_section_2'  class='avia-section av-1n2h9-eef07d2470a934665895b572bc96122f main_color avia-section-default avia-no-border-styling  avia-builder-el-1  el_after_av_section  el_before_av_textblock  section-leadtext onecol avia-bg-style-scroll container_wrap fullsize'  ><div class='container av-section-cont-open' ><div class='template-page content  av-content-full alpha units'><div class='post-entry post-entry-type-page post-entry-16018'><div class='entry-content-wrapper clearfix'>\n<section  class='av_textblock_section av-kbawhdx8-aafd6986f60364d4af7d68b05c94543c '   itemscope=\"itemscope\" itemtype=\"https:\/\/schema.org\/CreativeWork\" ><div class='avia_textblock'  itemprop=\"text\" ><p style=\"text-align: center;\"><strong>Et\u00e9 2025<\/strong><\/p>\n<h3 style=\"text-align: center;\">TARIFS<\/h3>\n<\/div><\/section>\n<\/div><\/div><\/div><!-- close content main div --><\/div><\/div><div id='after_section_2'  class='main_color av_default_container_wrap container_wrap fullsize'  ><div class='container av-section-cont-open' ><div class='template-page content  av-content-full alpha units'><div class='post-entry post-entry-type-page post-entry-16018'><div class='entry-content-wrapper clearfix'><section  class='av_textblock_section av-kbawhdx8-7-334bfe15b4325df9d0c890f4a59e8bd3 '   itemscope=\"itemscope\" itemtype=\"https:\/\/schema.org\/CreativeWork\" ><div class='avia_textblock'  itemprop=\"text\" ><p style=\"text-align: center;\"><strong>Et\u00e9 2025<\/strong><\/p>\n<h3 style=\"text-align: center;\">TARIFS<\/h3>\n<\/div><\/section><\/p>\n<section  class='av_textblock_section av-kbawhdx8-6-2c808671e292dc1737cbefd67945003e '   itemscope=\"itemscope\" itemtype=\"https:\/\/schema.org\/CreativeWork\" ><div class='avia_textblock lead'  itemprop=\"text\" ><p style=\"text-align: center;\"><strong>Et\u00e9 2025<\/strong><\/p>\n<h3 style=\"text-align: center;\">TARIFS<\/h3>\n<\/div><\/section>\n<div class='avia-data-table-wrap av-ahtdt-519a29a99bd24effe53d39ffa2ba4f9a avia_scrollable_table avia-table-1'><table  class='avia-table avia-data-table avia_pricing_default  avia-builder-el-5  el_after_av_textblock  el_before_av_hr '  itemscope=\"itemscope\" itemtype=\"https:\/\/schema.org\/Table\" ><tbody><tr class='avia-heading-row'><th class='avia-desc-col'><\/th><th class=''><\/p>\n<p style=\"text-align: center;\"><strong>Et\u00e9 2025<\/strong><\/p>\n<h3 style=\"text-align: center;\">TARIFS<\/h3>\n<p><\/th><th class=''><\/p>\n<p style=\"text-align: center;\"><strong>Et\u00e9 2025<\/strong><\/p>\n<h3 style=\"text-align: center;\">TARIFS<\/h3>\n<p><\/th><th class=''><\/p>\n<p style=\"text-align: center;\"><strong>Et\u00e9 2025<\/strong><\/p>\n<h3 style=\"text-align: center;\">TARIFS<\/h3>\n<p><\/th><\/tr><tr class=''><th class='avia-desc-col'><\/p>\n<p style=\"text-align: center;\"><strong>Et\u00e9 2025<\/strong><\/p>\n<h3 style=\"text-align: center;\">TARIFS<\/h3>\n<p><\/th><td class=''><\/p>\n<p style=\"text-align: center;\"><strong>Et\u00e9 2025<\/strong><\/p>\n<h3 style=\"text-align: center;\">TARIFS<\/h3>\n<p><\/td><td class=''><\/p>\n<p style=\"text-align: center;\"><strong>Et\u00e9 2025<\/strong><\/p>\n<h3 style=\"text-align: center;\">TARIFS<\/h3>\n<p><\/td><td class=''><\/p>\n<p style=\"text-align: center;\"><strong>Et\u00e9 2025<\/strong><\/p>\n<h3 style=\"text-align: center;\">TARIFS<\/h3>\n<p><\/td><\/tr><tr class=''><th class='avia-desc-col'><\/p>\n<p style=\"text-align: center;\"><strong>Et\u00e9 2025<\/strong><\/p>\n<h3 style=\"text-align: center;\">TARIFS<\/h3>\n<p><\/th><td class=''><\/p>\n<p style=\"text-align: center;\"><strong>Et\u00e9 2025<\/strong><\/p>\n<h3 style=\"text-align: center;\">TARIFS<\/h3>\n<p><\/td><td class=''><\/p>\n<p style=\"text-align: center;\"><strong>Et\u00e9 2025<\/strong><\/p>\n<h3 style=\"text-align: center;\">TARIFS<\/h3>\n<p><\/td><td class=''><\/p>\n<p style=\"text-align: center;\"><strong>Et\u00e9 2025<\/strong><\/p>\n<h3 style=\"text-align: center;\">TARIFS<\/h3>\n<p><\/td><\/tr><\/tbody><\/table><\/div>\n<div  class='hr av-1pnstxn-7b20450ec3f7d6ee77403b22ad577a7e hr-default  avia-builder-el-6  el_after_av_table  el_before_av_textblock '><span class='hr-inner '><span class=\"hr-inner-style\"><\/span><\/span><\/div>\n<section  class='av_textblock_section av-kbawhdx8-5-653c5d9b3eb56c8015af6015648227bb '   itemscope=\"itemscope\" itemtype=\"https:\/\/schema.org\/CreativeWork\" ><div class='avia_textblock'  itemprop=\"text\" ><p style=\"text-align: center;\"><strong>Et\u00e9 2025<\/strong><\/p>\n<h3 style=\"text-align: center;\">TARIFS<\/h3>\n<\/div><\/section>\n<section  class='av_textblock_section av-kbawhdx8-3-1ba1b56b962c1a77240a9e161d22c61e '   itemscope=\"itemscope\" itemtype=\"https:\/\/schema.org\/CreativeWork\" ><div class='avia_textblock lead'  itemprop=\"text\" ><p style=\"text-align: center;\"><strong>Et\u00e9 2025<\/strong><\/p>\n<h3 style=\"text-align: center;\">TARIFS<\/h3>\n<\/div><\/section>\n<div class='avia-data-table-wrap av-ahtdt-4-397c74cf0d4fe1e545b96eed02130fc5 avia_scrollable_table avia-table-2'><table  class='avia-table avia-data-table avia_pricing_default  avia-builder-el-9  el_after_av_textblock  el_before_av_section  avia-builder-el-last '  itemscope=\"itemscope\" itemtype=\"https:\/\/schema.org\/Table\" ><tbody><tr class='avia-heading-row'><th class='avia-desc-col'><\/th><th class=''><\/p>\n<p style=\"text-align: center;\"><strong>Et\u00e9 2025<\/strong><\/p>\n<h3 style=\"text-align: center;\">TARIFS<\/h3>\n<p><\/th><th class=''><\/p>\n<p style=\"text-align: center;\"><strong>Et\u00e9 2025<\/strong><\/p>\n<h3 style=\"text-align: center;\">TARIFS<\/h3>\n<p><\/th><th class=''><\/p>\n<p style=\"text-align: center;\"><strong>Et\u00e9 2025<\/strong><\/p>\n<h3 style=\"text-align: center;\">TARIFS<\/h3>\n<p><\/th><\/tr><tr class=''><th class='avia-desc-col'><\/p>\n<p style=\"text-align: center;\"><strong>Et\u00e9 2025<\/strong><\/p>\n<h3 style=\"text-align: center;\">TARIFS<\/h3>\n<p><\/th><td class=''><\/p>\n<p style=\"text-align: center;\"><strong>Et\u00e9 2025<\/strong><\/p>\n<h3 style=\"text-align: center;\">TARIFS<\/h3>\n<p><\/td><td class=''><\/p>\n<p style=\"text-align: center;\"><strong>Et\u00e9 2025<\/strong><\/p>\n<h3 style=\"text-align: center;\">TARIFS<\/h3>\n<p><\/td><td class=''><\/p>\n<p style=\"text-align: center;\"><strong>Et\u00e9 2025<\/strong><\/p>\n<h3 style=\"text-align: center;\">TARIFS<\/h3>\n<p> <\/td><\/tr><\/tbody><\/table><\/div>\n<\/div><\/div><\/div><!-- close content main div --><\/div><\/div>\n<style type=\"text\/css\" data-created_by=\"avia_inline_auto\" id=\"style-css-av-kbax8y3e-8-8b968720dcd5588f4c5edb77b31622ee\">\n.avia-section.av-kbax8y3e-8-8b968720dcd5588f4c5edb77b31622ee .av-parallax .av-parallax-inner{\nbackground-repeat:no-repeat;\nbackground-image:url(https:\/\/unterbaech.ch\/wp-content\/uploads\/DSC00099_marcoschnyder.jpg);\nbackground-position:50% 50%;\nbackground-attachment:scroll;\n}\n<\/style>\n<div id='av_section_3'  class='avia-section av-kbax8y3e-8-8b968720dcd5588f4c5edb77b31622ee main_color avia-section-default avia-no-border-styling  avia-builder-el-10  el_after_av_table  el_before_av_textblock  section-tip avia-full-stretch av-parallax-section avia-bg-style-parallax av-minimum-height av-minimum-height-100 av-height-100  container_wrap fullsize'  data-section-bg-repeat='stretch' data-av_minimum_height_pc='100' data-av_min_height_opt='100'><div class='av-parallax' data-avia-parallax-ratio='0.3' ><div class='av-parallax-inner main_color avia-full-stretch'><\/div><\/div><div class='container av-section-cont-open' ><div class='template-page content  av-content-full alpha units'><div class='post-entry post-entry-type-page post-entry-16018'><div class='entry-content-wrapper clearfix'>\n\n<style type=\"text\/css\" data-created_by=\"avia_inline_auto\" id=\"style-css-av-kbcj4u58-528702b2ac0e8486eaaf9cf9ec2ab7b8\">\n#top .hr.hr-invisible.av-kbcj4u58-528702b2ac0e8486eaaf9cf9ec2ab7b8{\nheight:400px;\n}\n<\/style>\n<div  class='hr av-kbcj4u58-528702b2ac0e8486eaaf9cf9ec2ab7b8 hr-invisible  avia-builder-el-11  el_before_av_one_half  avia-builder-el-first '><span class='hr-inner '><span class=\"hr-inner-style\"><\/span><\/span><\/div>\n<div class='flex_column_table av-kbcj1bss-2a3bc2edaf934878f272e15e690e2c59 sc-av_one_half av-equal-height-column-flextable'>\n<style type=\"text\/css\" data-created_by=\"avia_inline_auto\" id=\"style-css-av-kbcj1bss-2a3bc2edaf934878f272e15e690e2c59\">\n.flex_column.av-kbcj1bss-2a3bc2edaf934878f272e15e690e2c59{\nborder-radius:0px 0px 0px 0px;\npadding:0px 0px 0px 0px;\n}\n<\/style>\n<div  class='flex_column av-kbcj1bss-2a3bc2edaf934878f272e15e690e2c59 av_one_half  avia-builder-el-12  el_after_av_hr  el_before_av_one_half  first no_margin flex_column_table_cell av-equal-height-column av-align-top av-zero-column-padding  '     ><\/div>\n<style type=\"text\/css\" data-created_by=\"avia_inline_auto\" id=\"style-css-av-kbcj1bss-1-8eff7c2eacf75fd043e818bd8f93d34a\">\n.flex_column.av-kbcj1bss-1-8eff7c2eacf75fd043e818bd8f93d34a{\nborder-radius:0px 0px 0px 0px;\npadding:30px 30px 30px 30px;\nbackground-color:#ffffff;\n}\n<\/style>\n<div  class='flex_column av-kbcj1bss-1-8eff7c2eacf75fd043e818bd8f93d34a av_one_half  avia-builder-el-13  el_after_av_one_half  avia-builder-el-last  no_margin flex_column_table_cell av-equal-height-column av-align-top  '     ><section  class='av_textblock_section av-kbawhdx8-2-723c8f65fadeb318784e8862c7e91949 '   itemscope=\"itemscope\" itemtype=\"https:\/\/schema.org\/CreativeWork\" ><div class='avia_textblock'  itemprop=\"text\" ><p style=\"text-align: center;\"><strong>Et\u00e9 2025<\/strong><\/p>\n<h3 style=\"text-align: center;\">TARIFS<\/h3>\n<\/div><\/section><br \/>\n<div  class='avia-button-wrap av-kbawx3il-0314e8a8eca1023713255084f2100b87-wrap avia-button-center  avia-builder-el-15  el_after_av_textblock  avia-builder-el-last '><a href='https:\/\/unterbaech.ch\/fr\/decouvertes-et-experiences\/lete\/activites-de-loisirs\/trottinette\/'  class='avia-button av-kbawx3il-0314e8a8eca1023713255084f2100b87 av-link-btn avia-icon_select-no avia-size-small avia-position-center avia-color-theme-color'   aria-label=\"plus des informations\"><span class='avia_iconbox_title' >plus des informations<\/span><\/a><\/div><\/p><\/div><\/div><!--close column table wrapper. Autoclose: 1 -->\n<\/div><\/div><\/div><!-- close content main div --><\/div><\/div><div id='after_section_3'  class='main_color av_default_container_wrap container_wrap fullsize'  ><div class='container av-section-cont-open' ><div class='template-page content  av-content-full alpha units'><div class='post-entry post-entry-type-page post-entry-16018'><div class='entry-content-wrapper clearfix'>\n<section  class='av_textblock_section av-kb9j7yy8-3a04dad746dde09f612a80be52db91d7 '   itemscope=\"itemscope\" itemtype=\"https:\/\/schema.org\/CreativeWork\" ><div class='avia_textblock'  itemprop=\"text\" ><p style=\"text-align: center;\"><strong>Et\u00e9 2025<\/strong><\/p>\n<h3 style=\"text-align: center;\">TARIFS<\/h3>\n<\/div><\/section>\n<div  class='av_promobox av-kcelab5r-7ac7183a7a1666f3c86ee94f6c545fdb avia-button-yes  avia-builder-el-17  el_after_av_textblock  avia-builder-el-last  promobox'><div class='avia-promocontent'><\/p>\n<p style=\"text-align: center;\"><strong>Et\u00e9 2025<\/strong><\/p>\n<h3 style=\"text-align: center;\">TARIFS<\/h3>\n<p>\n<\/div><div  class='avia-button-wrap av-kcelab5r-f828bc93f64177fbf971ec1898f66deb-wrap avia-button-right  promobox'><a href='https:\/\/unterbaech.ch\/fr\/remontees-mecaniques-de-sport\/webshop\/'  class='avia-button av-kcelab5r-f828bc93f64177fbf971ec1898f66deb av-link-btn avia-icon_select-no avia-size-large avia-position-right avia-color-theme-color'   aria-label=\"Webshop\"><span class='avia_iconbox_title' >Webshop<\/span><\/a><\/div><\/div>\n","protected":false},"excerpt":{"rendered":"","protected":false},"author":9,"featured_media":0,"parent":15925,"menu_order":0,"comment_status":"closed","ping_status":"closed","template":"","meta":{"inline_featured_image":false,"footnotes":""},"class_list":["post-16018","page","type-page","status-publish","hentry"],"yoast_head":"<!-- This site is optimized with the Yoast SEO plugin v27.3 - https:\/\/yoast.com\/product\/yoast-seo-wordpress\/ -->\n<title>Tarifs \u00e9t\u00e9 - Unterb\u00e4ch<\/title>\n<meta name=\"description\" content=\"D\u00e9couvre tout sur les tarifs et les offres des remont\u00e9es m\u00e9caniques d&#039;Unterb\u00e4ch en \u00e9t\u00e9.\" \/>\n<meta name=\"robots\" content=\"index, follow, max-snippet:-1, max-image-preview:large, max-video-preview:-1\" \/>\n<link rel=\"canonical\" href=\"https:\/\/unterbaech.ch\/fr\/remontees-mecaniques-de-sport\/tarifs-ete\/\" \/>\n<meta property=\"og:locale\" content=\"fr_FR\" \/>\n<meta property=\"og:type\" content=\"article\" \/>\n<meta property=\"og:title\" content=\"Tarifs \u00e9t\u00e9 - Unterb\u00e4ch\" \/>\n<meta property=\"og:description\" content=\"D\u00e9couvre tout sur les tarifs et les offres des remont\u00e9es m\u00e9caniques d&#039;Unterb\u00e4ch en \u00e9t\u00e9.\" \/>\n<meta property=\"og:url\" content=\"https:\/\/unterbaech.ch\/fr\/remontees-mecaniques-de-sport\/tarifs-ete\/\" \/>\n<meta property=\"og:site_name\" content=\"Unterb\u00e4ch\" \/>\n<meta property=\"article:publisher\" content=\"https:\/\/www.facebook.com\/unterbaech\" \/>\n<meta property=\"article:modified_time\" content=\"2025-03-21T14:57:03+00:00\" \/>\n<meta name=\"twitter:card\" content=\"summary_large_image\" \/>\n<meta name=\"twitter:label1\" content=\"Dur\u00e9e de lecture estim\u00e9e\" \/>\n\t<meta name=\"twitter:data1\" content=\"9 minutes\" \/>\n<script type=\"application\/ld+json\" class=\"yoast-schema-graph\">{\"@context\":\"https:\\\/\\\/schema.org\",\"@graph\":[{\"@type\":\"WebPage\",\"@id\":\"https:\\\/\\\/unterbaech.ch\\\/fr\\\/remontees-mecaniques-de-sport\\\/tarifs-ete\\\/\",\"url\":\"https:\\\/\\\/unterbaech.ch\\\/fr\\\/remontees-mecaniques-de-sport\\\/tarifs-ete\\\/\",\"name\":\"Tarifs \u00e9t\u00e9 - Unterb\u00e4ch\",\"isPartOf\":{\"@id\":\"https:\\\/\\\/unterbaech.ch\\\/fr\\\/#website\"},\"datePublished\":\"2022-05-18T09:46:40+00:00\",\"dateModified\":\"2025-03-21T14:57:03+00:00\",\"description\":\"D\u00e9couvre tout sur les tarifs et les offres des remont\u00e9es m\u00e9caniques d'Unterb\u00e4ch en \u00e9t\u00e9.\",\"breadcrumb\":{\"@id\":\"https:\\\/\\\/unterbaech.ch\\\/fr\\\/remontees-mecaniques-de-sport\\\/tarifs-ete\\\/#breadcrumb\"},\"inLanguage\":\"fr-FR\",\"potentialAction\":[{\"@type\":\"ReadAction\",\"target\":[\"https:\\\/\\\/unterbaech.ch\\\/fr\\\/remontees-mecaniques-de-sport\\\/tarifs-ete\\\/\"]}]},{\"@type\":\"BreadcrumbList\",\"@id\":\"https:\\\/\\\/unterbaech.ch\\\/fr\\\/remontees-mecaniques-de-sport\\\/tarifs-ete\\\/#breadcrumb\",\"itemListElement\":[{\"@type\":\"ListItem\",\"position\":1,\"name\":\"Startseite\",\"item\":\"https:\\\/\\\/unterbaech.ch\\\/fr\\\/accueil\\\/\"},{\"@type\":\"ListItem\",\"position\":2,\"name\":\"Remont\u00e9es m\u00e9caniques de sport\",\"item\":\"https:\\\/\\\/unterbaech.ch\\\/fr\\\/remontees-mecaniques-de-sport\\\/\"},{\"@type\":\"ListItem\",\"position\":3,\"name\":\"Tarifs \u00e9t\u00e9\"}]},{\"@type\":\"WebSite\",\"@id\":\"https:\\\/\\\/unterbaech.ch\\\/fr\\\/#website\",\"url\":\"https:\\\/\\\/unterbaech.ch\\\/fr\\\/\",\"name\":\"Unterb\u00e4ch\",\"description\":\"\",\"publisher\":{\"@id\":\"https:\\\/\\\/unterbaech.ch\\\/fr\\\/#organization\"},\"potentialAction\":[{\"@type\":\"SearchAction\",\"target\":{\"@type\":\"EntryPoint\",\"urlTemplate\":\"https:\\\/\\\/unterbaech.ch\\\/fr\\\/?s={search_term_string}\"},\"query-input\":{\"@type\":\"PropertyValueSpecification\",\"valueRequired\":true,\"valueName\":\"search_term_string\"}}],\"inLanguage\":\"fr-FR\"},{\"@type\":\"Organization\",\"@id\":\"https:\\\/\\\/unterbaech.ch\\\/fr\\\/#organization\",\"name\":\"Unterb\u00e4ch Tourismus\",\"url\":\"https:\\\/\\\/unterbaech.ch\\\/fr\\\/\",\"logo\":{\"@type\":\"ImageObject\",\"inLanguage\":\"fr-FR\",\"@id\":\"https:\\\/\\\/unterbaech.ch\\\/fr\\\/#\\\/schema\\\/logo\\\/image\\\/\",\"url\":\"https:\\\/\\\/unterbaech.ch\\\/wp-content\\\/uploads\\\/Logo-1.png\",\"contentUrl\":\"https:\\\/\\\/unterbaech.ch\\\/wp-content\\\/uploads\\\/Logo-1.png\",\"width\":1125,\"height\":1102,\"caption\":\"Unterb\u00e4ch Tourismus\"},\"image\":{\"@id\":\"https:\\\/\\\/unterbaech.ch\\\/fr\\\/#\\\/schema\\\/logo\\\/image\\\/\"},\"sameAs\":[\"https:\\\/\\\/www.facebook.com\\\/unterbaech\",\"https:\\\/\\\/www.instagram.com\\\/visit.unterbaech\\\/\",\"https:\\\/\\\/de.wikipedia.org\\\/wiki\\\/Unterb\u00e4ch\"]}]}<\/script>\n<!-- \/ Yoast SEO plugin. -->","yoast_head_json":{"title":"Tarifs \u00e9t\u00e9 - Unterb\u00e4ch","description":"D\u00e9couvre tout sur les tarifs et les offres des remont\u00e9es m\u00e9caniques d'Unterb\u00e4ch en \u00e9t\u00e9.","robots":{"index":"index","follow":"follow","max-snippet":"max-snippet:-1","max-image-preview":"max-image-preview:large","max-video-preview":"max-video-preview:-1"},"canonical":"https:\/\/unterbaech.ch\/fr\/remontees-mecaniques-de-sport\/tarifs-ete\/","og_locale":"fr_FR","og_type":"article","og_title":"Tarifs \u00e9t\u00e9 - Unterb\u00e4ch","og_description":"D\u00e9couvre tout sur les tarifs et les offres des remont\u00e9es m\u00e9caniques d'Unterb\u00e4ch en \u00e9t\u00e9.","og_url":"https:\/\/unterbaech.ch\/fr\/remontees-mecaniques-de-sport\/tarifs-ete\/","og_site_name":"Unterb\u00e4ch","article_publisher":"https:\/\/www.facebook.com\/unterbaech","article_modified_time":"2025-03-21T14:57:03+00:00","twitter_card":"summary_large_image","twitter_misc":{"Dur\u00e9e de lecture estim\u00e9e":"9 minutes"},"schema":{"@context":"https:\/\/schema.org","@graph":[{"@type":"WebPage","@id":"https:\/\/unterbaech.ch\/fr\/remontees-mecaniques-de-sport\/tarifs-ete\/","url":"https:\/\/unterbaech.ch\/fr\/remontees-mecaniques-de-sport\/tarifs-ete\/","name":"Tarifs \u00e9t\u00e9 - Unterb\u00e4ch","isPartOf":{"@id":"https:\/\/unterbaech.ch\/fr\/#website"},"datePublished":"2022-05-18T09:46:40+00:00","dateModified":"2025-03-21T14:57:03+00:00","description":"D\u00e9couvre tout sur les tarifs et les offres des remont\u00e9es m\u00e9caniques d'Unterb\u00e4ch en \u00e9t\u00e9.","breadcrumb":{"@id":"https:\/\/unterbaech.ch\/fr\/remontees-mecaniques-de-sport\/tarifs-ete\/#breadcrumb"},"inLanguage":"fr-FR","potentialAction":[{"@type":"ReadAction","target":["https:\/\/unterbaech.ch\/fr\/remontees-mecaniques-de-sport\/tarifs-ete\/"]}]},{"@type":"BreadcrumbList","@id":"https:\/\/unterbaech.ch\/fr\/remontees-mecaniques-de-sport\/tarifs-ete\/#breadcrumb","itemListElement":[{"@type":"ListItem","position":1,"name":"Startseite","item":"https:\/\/unterbaech.ch\/fr\/accueil\/"},{"@type":"ListItem","position":2,"name":"Remont\u00e9es m\u00e9caniques de sport","item":"https:\/\/unterbaech.ch\/fr\/remontees-mecaniques-de-sport\/"},{"@type":"ListItem","position":3,"name":"Tarifs \u00e9t\u00e9"}]},{"@type":"WebSite","@id":"https:\/\/unterbaech.ch\/fr\/#website","url":"https:\/\/unterbaech.ch\/fr\/","name":"Unterb\u00e4ch","description":"","publisher":{"@id":"https:\/\/unterbaech.ch\/fr\/#organization"},"potentialAction":[{"@type":"SearchAction","target":{"@type":"EntryPoint","urlTemplate":"https:\/\/unterbaech.ch\/fr\/?s={search_term_string}"},"query-input":{"@type":"PropertyValueSpecification","valueRequired":true,"valueName":"search_term_string"}}],"inLanguage":"fr-FR"},{"@type":"Organization","@id":"https:\/\/unterbaech.ch\/fr\/#organization","name":"Unterb\u00e4ch Tourismus","url":"https:\/\/unterbaech.ch\/fr\/","logo":{"@type":"ImageObject","inLanguage":"fr-FR","@id":"https:\/\/unterbaech.ch\/fr\/#\/schema\/logo\/image\/","url":"https:\/\/unterbaech.ch\/wp-content\/uploads\/Logo-1.png","contentUrl":"https:\/\/unterbaech.ch\/wp-content\/uploads\/Logo-1.png","width":1125,"height":1102,"caption":"Unterb\u00e4ch Tourismus"},"image":{"@id":"https:\/\/unterbaech.ch\/fr\/#\/schema\/logo\/image\/"},"sameAs":["https:\/\/www.facebook.com\/unterbaech","https:\/\/www.instagram.com\/visit.unterbaech\/","https:\/\/de.wikipedia.org\/wiki\/Unterb\u00e4ch"]}]}},"_links":{"self":[{"href":"https:\/\/unterbaech.ch\/fr\/wp-json\/wp\/v2\/pages\/16018","targetHints":{"allow":["GET"]}}],"collection":[{"href":"https:\/\/unterbaech.ch\/fr\/wp-json\/wp\/v2\/pages"}],"about":[{"href":"https:\/\/unterbaech.ch\/fr\/wp-json\/wp\/v2\/types\/page"}],"author":[{"embeddable":true,"href":"https:\/\/unterbaech.ch\/fr\/wp-json\/wp\/v2\/users\/9"}],"replies":[{"embeddable":true,"href":"https:\/\/unterbaech.ch\/fr\/wp-json\/wp\/v2\/comments?post=16018"}],"version-history":[{"count":9,"href":"https:\/\/unterbaech.ch\/fr\/wp-json\/wp\/v2\/pages\/16018\/revisions"}],"predecessor-version":[{"id":25256,"href":"https:\/\/unterbaech.ch\/fr\/wp-json\/wp\/v2\/pages\/16018\/revisions\/25256"}],"up":[{"embeddable":true,"href":"https:\/\/unterbaech.ch\/fr\/wp-json\/wp\/v2\/pages\/15925"}],"wp:attachment":[{"href":"https:\/\/unterbaech.ch\/fr\/wp-json\/wp\/v2\/media?parent=16018"}],"curies":[{"name":"wp","href":"https:\/\/api.w.org\/{rel}","templated":true}]}}