{"id":16024,"date":"2022-05-19T14:03:21","date_gmt":"2022-05-19T12:03:21","guid":{"rendered":"https:\/\/unterbaech.ch\/remontees-mecaniques-de-sport\/webshop\/"},"modified":"2022-07-24T17:17:15","modified_gmt":"2022-07-24T15:17:15","slug":"webshop","status":"publish","type":"page","link":"https:\/\/unterbaech.ch\/fr\/remontees-mecaniques-de-sport\/webshop\/","title":{"rendered":"Webshop"},"content":{"rendered":"<\/p>\n\n<style type=\"text\/css\" data-created_by=\"avia_inline_auto\" id=\"style-css-av-kbax8y3e-aa80faac17063d1622b8da4be24726e0\">\n.avia-section.av-kbax8y3e-aa80faac17063d1622b8da4be24726e0 .av-parallax .av-parallax-inner{\nbackground-repeat:no-repeat;\nbackground-image:url(https:\/\/unterbaech.ch\/wp-content\/uploads\/DSC07720_\u00a9marcoschnyder.jpg);\nbackground-position:50% 50%;\nbackground-attachment:scroll;\n}\n<\/style>\n<div id='av_section_1'  class='avia-section av-kbax8y3e-aa80faac17063d1622b8da4be24726e0 main_color avia-section-default avia-no-border-styling  avia-builder-el-0  el_before_av_section  avia-builder-el-first  section-fullwidthimage avia-full-stretch av-parallax-section avia-bg-style-parallax av-minimum-height av-minimum-height-50 av-height-50  container_wrap fullsize'  data-section-bg-repeat='stretch' data-av_minimum_height_pc='50' data-av_min_height_opt='50'><div class='av-parallax' data-avia-parallax-ratio='0.3' ><div class='av-parallax-inner main_color avia-full-stretch'><\/div><\/div><div class='container av-section-cont-open' ><main  role=\"main\" itemprop=\"mainContentOfPage\"  class='template-page content  av-content-full alpha units'><div class='post-entry post-entry-type-page post-entry-16024'><div class='entry-content-wrapper clearfix'>\n<\/div><\/div><\/main><!-- close content main element --><\/div><\/div><div id='av_section_2'  class='avia-section av-1n2h9-eef07d2470a934665895b572bc96122f main_color avia-section-default avia-no-border-styling  avia-builder-el-1  el_after_av_section  el_before_av_section  section-leadtext onecol avia-bg-style-scroll container_wrap fullsize'  ><div class='container av-section-cont-open' ><div class='template-page content  av-content-full alpha units'><div class='post-entry post-entry-type-page post-entry-16024'><div class='entry-content-wrapper clearfix'>\n<section  class='av_textblock_section av-kbawhdx8-9a55faeefcbf4e8706dea9c49b9010c2 '   itemscope=\"itemscope\" itemtype=\"https:\/\/schema.org\/CreativeWork\" ><div class='avia_textblock'  itemprop=\"text\" ><p style=\"text-align: center;\"><strong>\u00a0R\u00c9SERVE TON BILLET EN LIGNE<br \/>\n<\/strong><\/p>\n<h3 style=\"text-align: center;\">WEBSHOP<\/h3>\n<\/div><\/section>\n<section  class='av_textblock_section av-kbawhdx8-1-54c9251ad2453017b3975e2ce35cffe4 '   itemscope=\"itemscope\" itemtype=\"https:\/\/schema.org\/CreativeWork\" ><div class='avia_textblock lead'  itemprop=\"text\" ><p style=\"text-align: center;\">R\u00e9server en ligne, \u00e7a vaut le coup! R\u00e9serve ici ton forfait de ski ou ton billet de remont\u00e9es m\u00e9caniques en ligne de mani\u00e8re simple et confortable et passe directement le tourniquet avec ton SwissPass ou ta KeyCard charg\u00e9s. Tu trouveras toutes les questions concernant les billets en ligne des Sportbahnen Unterb\u00e4ch dans la FAQ.<\/p>\n<\/div><\/section>\n<\/div><\/div><\/div><!-- close content main div --><\/div><\/div><div id='av_section_3'  class='avia-section av-kd0axm47-81029f8dc43f12218ea09a3411c714ff main_color avia-section-no-padding avia-no-border-styling  avia-builder-el-4  el_after_av_section  avia-builder-el-last  section-desklinewebshop deskline avia-bg-style-scroll container_wrap fullsize'  ><div class='container av-section-cont-open' ><div class='template-page content  av-content-full alpha units'><div class='post-entry post-entry-type-page post-entry-16024'><div class='entry-content-wrapper clearfix'>\n\n<\/p>\n","protected":false},"excerpt":{"rendered":"","protected":false},"author":9,"featured_media":0,"parent":15925,"menu_order":0,"comment_status":"closed","ping_status":"closed","template":"","meta":{"inline_featured_image":false,"footnotes":""},"class_list":["post-16024","page","type-page","status-publish","hentry"],"yoast_head":"<!-- This site is optimized with the Yoast SEO plugin v27.4 - https:\/\/yoast.com\/product\/yoast-seo-wordpress\/ -->\n<title>Webshop - Unterb\u00e4ch<\/title>\n<meta name=\"description\" content=\"Dans le Webshop des Sportbahnen Unterb\u00e4ch, tu peux acheter des forfaits de ski, des abonnements de saison ainsi que d&#039;autres billets de remont\u00e9es m\u00e9caniques et les charger sur ton SwissPass ou ta KeyCard.\" \/>\n<meta name=\"robots\" content=\"index, follow, max-snippet:-1, max-image-preview:large, max-video-preview:-1\" \/>\n<link rel=\"canonical\" href=\"https:\/\/unterbaech.ch\/fr\/remontees-mecaniques-de-sport\/webshop\/\" \/>\n<meta property=\"og:locale\" content=\"fr_FR\" \/>\n<meta property=\"og:type\" content=\"article\" \/>\n<meta property=\"og:title\" content=\"Webshop - Unterb\u00e4ch\" \/>\n<meta property=\"og:description\" content=\"Dans le Webshop des Sportbahnen Unterb\u00e4ch, tu peux acheter des forfaits de ski, des abonnements de saison ainsi que d&#039;autres billets de remont\u00e9es m\u00e9caniques et les charger sur ton SwissPass ou ta KeyCard.\" \/>\n<meta property=\"og:url\" content=\"https:\/\/unterbaech.ch\/fr\/remontees-mecaniques-de-sport\/webshop\/\" \/>\n<meta property=\"og:site_name\" content=\"Unterb\u00e4ch\" \/>\n<meta property=\"article:publisher\" content=\"https:\/\/www.facebook.com\/unterbaech\" \/>\n<meta property=\"article:modified_time\" content=\"2022-07-24T15:17:15+00:00\" \/>\n<meta name=\"twitter:card\" content=\"summary_large_image\" \/>\n<meta name=\"twitter:label1\" content=\"Dur\u00e9e de lecture estim\u00e9e\" \/>\n\t<meta name=\"twitter:data1\" content=\"2 minutes\" \/>\n<script type=\"application\/ld+json\" class=\"yoast-schema-graph\">{\"@context\":\"https:\\\/\\\/schema.org\",\"@graph\":[{\"@type\":\"WebPage\",\"@id\":\"https:\\\/\\\/unterbaech.ch\\\/fr\\\/remontees-mecaniques-de-sport\\\/webshop\\\/\",\"url\":\"https:\\\/\\\/unterbaech.ch\\\/fr\\\/remontees-mecaniques-de-sport\\\/webshop\\\/\",\"name\":\"Webshop - Unterb\u00e4ch\",\"isPartOf\":{\"@id\":\"https:\\\/\\\/unterbaech.ch\\\/fr\\\/#website\"},\"datePublished\":\"2022-05-19T12:03:21+00:00\",\"dateModified\":\"2022-07-24T15:17:15+00:00\",\"description\":\"Dans le Webshop des Sportbahnen Unterb\u00e4ch, tu peux acheter des forfaits de ski, des abonnements de saison ainsi que d'autres billets de remont\u00e9es m\u00e9caniques et les charger sur ton SwissPass ou ta KeyCard.\",\"breadcrumb\":{\"@id\":\"https:\\\/\\\/unterbaech.ch\\\/fr\\\/remontees-mecaniques-de-sport\\\/webshop\\\/#breadcrumb\"},\"inLanguage\":\"fr-FR\",\"potentialAction\":[{\"@type\":\"ReadAction\",\"target\":[\"https:\\\/\\\/unterbaech.ch\\\/fr\\\/remontees-mecaniques-de-sport\\\/webshop\\\/\"]}]},{\"@type\":\"BreadcrumbList\",\"@id\":\"https:\\\/\\\/unterbaech.ch\\\/fr\\\/remontees-mecaniques-de-sport\\\/webshop\\\/#breadcrumb\",\"itemListElement\":[{\"@type\":\"ListItem\",\"position\":1,\"name\":\"Startseite\",\"item\":\"https:\\\/\\\/unterbaech.ch\\\/fr\\\/accueil\\\/\"},{\"@type\":\"ListItem\",\"position\":2,\"name\":\"Remont\u00e9es m\u00e9caniques de sport\",\"item\":\"https:\\\/\\\/unterbaech.ch\\\/fr\\\/remontees-mecaniques-de-sport\\\/\"},{\"@type\":\"ListItem\",\"position\":3,\"name\":\"Webshop\"}]},{\"@type\":\"WebSite\",\"@id\":\"https:\\\/\\\/unterbaech.ch\\\/fr\\\/#website\",\"url\":\"https:\\\/\\\/unterbaech.ch\\\/fr\\\/\",\"name\":\"Unterb\u00e4ch\",\"description\":\"\",\"publisher\":{\"@id\":\"https:\\\/\\\/unterbaech.ch\\\/fr\\\/#organization\"},\"potentialAction\":[{\"@type\":\"SearchAction\",\"target\":{\"@type\":\"EntryPoint\",\"urlTemplate\":\"https:\\\/\\\/unterbaech.ch\\\/fr\\\/?s={search_term_string}\"},\"query-input\":{\"@type\":\"PropertyValueSpecification\",\"valueRequired\":true,\"valueName\":\"search_term_string\"}}],\"inLanguage\":\"fr-FR\"},{\"@type\":\"Organization\",\"@id\":\"https:\\\/\\\/unterbaech.ch\\\/fr\\\/#organization\",\"name\":\"Unterb\u00e4ch Tourismus\",\"url\":\"https:\\\/\\\/unterbaech.ch\\\/fr\\\/\",\"logo\":{\"@type\":\"ImageObject\",\"inLanguage\":\"fr-FR\",\"@id\":\"https:\\\/\\\/unterbaech.ch\\\/fr\\\/#\\\/schema\\\/logo\\\/image\\\/\",\"url\":\"https:\\\/\\\/unterbaech.ch\\\/wp-content\\\/uploads\\\/Logo-1.png\",\"contentUrl\":\"https:\\\/\\\/unterbaech.ch\\\/wp-content\\\/uploads\\\/Logo-1.png\",\"width\":1125,\"height\":1102,\"caption\":\"Unterb\u00e4ch Tourismus\"},\"image\":{\"@id\":\"https:\\\/\\\/unterbaech.ch\\\/fr\\\/#\\\/schema\\\/logo\\\/image\\\/\"},\"sameAs\":[\"https:\\\/\\\/www.facebook.com\\\/unterbaech\",\"https:\\\/\\\/www.instagram.com\\\/visit.unterbaech\\\/\",\"https:\\\/\\\/de.wikipedia.org\\\/wiki\\\/Unterb\u00e4ch\"]}]}<\/script>\n<!-- \/ Yoast SEO plugin. -->","yoast_head_json":{"title":"Webshop - Unterb\u00e4ch","description":"Dans le Webshop des Sportbahnen Unterb\u00e4ch, tu peux acheter des forfaits de ski, des abonnements de saison ainsi que d'autres billets de remont\u00e9es m\u00e9caniques et les charger sur ton SwissPass ou ta KeyCard.","robots":{"index":"index","follow":"follow","max-snippet":"max-snippet:-1","max-image-preview":"max-image-preview:large","max-video-preview":"max-video-preview:-1"},"canonical":"https:\/\/unterbaech.ch\/fr\/remontees-mecaniques-de-sport\/webshop\/","og_locale":"fr_FR","og_type":"article","og_title":"Webshop - Unterb\u00e4ch","og_description":"Dans le Webshop des Sportbahnen Unterb\u00e4ch, tu peux acheter des forfaits de ski, des abonnements de saison ainsi que d'autres billets de remont\u00e9es m\u00e9caniques et les charger sur ton SwissPass ou ta KeyCard.","og_url":"https:\/\/unterbaech.ch\/fr\/remontees-mecaniques-de-sport\/webshop\/","og_site_name":"Unterb\u00e4ch","article_publisher":"https:\/\/www.facebook.com\/unterbaech","article_modified_time":"2022-07-24T15:17:15+00:00","twitter_card":"summary_large_image","twitter_misc":{"Dur\u00e9e de lecture estim\u00e9e":"2 minutes"},"schema":{"@context":"https:\/\/schema.org","@graph":[{"@type":"WebPage","@id":"https:\/\/unterbaech.ch\/fr\/remontees-mecaniques-de-sport\/webshop\/","url":"https:\/\/unterbaech.ch\/fr\/remontees-mecaniques-de-sport\/webshop\/","name":"Webshop - Unterb\u00e4ch","isPartOf":{"@id":"https:\/\/unterbaech.ch\/fr\/#website"},"datePublished":"2022-05-19T12:03:21+00:00","dateModified":"2022-07-24T15:17:15+00:00","description":"Dans le Webshop des Sportbahnen Unterb\u00e4ch, tu peux acheter des forfaits de ski, des abonnements de saison ainsi que d'autres billets de remont\u00e9es m\u00e9caniques et les charger sur ton SwissPass ou ta KeyCard.","breadcrumb":{"@id":"https:\/\/unterbaech.ch\/fr\/remontees-mecaniques-de-sport\/webshop\/#breadcrumb"},"inLanguage":"fr-FR","potentialAction":[{"@type":"ReadAction","target":["https:\/\/unterbaech.ch\/fr\/remontees-mecaniques-de-sport\/webshop\/"]}]},{"@type":"BreadcrumbList","@id":"https:\/\/unterbaech.ch\/fr\/remontees-mecaniques-de-sport\/webshop\/#breadcrumb","itemListElement":[{"@type":"ListItem","position":1,"name":"Startseite","item":"https:\/\/unterbaech.ch\/fr\/accueil\/"},{"@type":"ListItem","position":2,"name":"Remont\u00e9es m\u00e9caniques de sport","item":"https:\/\/unterbaech.ch\/fr\/remontees-mecaniques-de-sport\/"},{"@type":"ListItem","position":3,"name":"Webshop"}]},{"@type":"WebSite","@id":"https:\/\/unterbaech.ch\/fr\/#website","url":"https:\/\/unterbaech.ch\/fr\/","name":"Unterb\u00e4ch","description":"","publisher":{"@id":"https:\/\/unterbaech.ch\/fr\/#organization"},"potentialAction":[{"@type":"SearchAction","target":{"@type":"EntryPoint","urlTemplate":"https:\/\/unterbaech.ch\/fr\/?s={search_term_string}"},"query-input":{"@type":"PropertyValueSpecification","valueRequired":true,"valueName":"search_term_string"}}],"inLanguage":"fr-FR"},{"@type":"Organization","@id":"https:\/\/unterbaech.ch\/fr\/#organization","name":"Unterb\u00e4ch Tourismus","url":"https:\/\/unterbaech.ch\/fr\/","logo":{"@type":"ImageObject","inLanguage":"fr-FR","@id":"https:\/\/unterbaech.ch\/fr\/#\/schema\/logo\/image\/","url":"https:\/\/unterbaech.ch\/wp-content\/uploads\/Logo-1.png","contentUrl":"https:\/\/unterbaech.ch\/wp-content\/uploads\/Logo-1.png","width":1125,"height":1102,"caption":"Unterb\u00e4ch Tourismus"},"image":{"@id":"https:\/\/unterbaech.ch\/fr\/#\/schema\/logo\/image\/"},"sameAs":["https:\/\/www.facebook.com\/unterbaech","https:\/\/www.instagram.com\/visit.unterbaech\/","https:\/\/de.wikipedia.org\/wiki\/Unterb\u00e4ch"]}]}},"_links":{"self":[{"href":"https:\/\/unterbaech.ch\/fr\/wp-json\/wp\/v2\/pages\/16024","targetHints":{"allow":["GET"]}}],"collection":[{"href":"https:\/\/unterbaech.ch\/fr\/wp-json\/wp\/v2\/pages"}],"about":[{"href":"https:\/\/unterbaech.ch\/fr\/wp-json\/wp\/v2\/types\/page"}],"author":[{"embeddable":true,"href":"https:\/\/unterbaech.ch\/fr\/wp-json\/wp\/v2\/users\/9"}],"replies":[{"embeddable":true,"href":"https:\/\/unterbaech.ch\/fr\/wp-json\/wp\/v2\/comments?post=16024"}],"version-history":[{"count":0,"href":"https:\/\/unterbaech.ch\/fr\/wp-json\/wp\/v2\/pages\/16024\/revisions"}],"up":[{"embeddable":true,"href":"https:\/\/unterbaech.ch\/fr\/wp-json\/wp\/v2\/pages\/15925"}],"wp:attachment":[{"href":"https:\/\/unterbaech.ch\/fr\/wp-json\/wp\/v2\/media?parent=16024"}],"curies":[{"name":"wp","href":"https:\/\/api.w.org\/{rel}","templated":true}]}}