{"id":20249,"date":"2023-11-02T09:47:38","date_gmt":"2023-11-02T08:47:38","guid":{"rendered":"https:\/\/unterbaech.ch\/remontees-mecaniques-de-sport\/magic-pass\/"},"modified":"2026-03-18T10:41:09","modified_gmt":"2026-03-18T09:41:09","slug":"magic-pass","status":"publish","type":"page","link":"https:\/\/unterbaech.ch\/fr\/remontees-mecaniques-de-sport\/magic-pass\/","title":{"rendered":"Magic Pass"},"content":{"rendered":"\n<style type=\"text\/css\" data-created_by=\"avia_inline_auto\" id=\"style-css-av-kbax8y3e-e68291147bf4fd1d9df5b77bdbfe6f99\">\n.avia-section.av-kbax8y3e-e68291147bf4fd1d9df5b77bdbfe6f99 .av-parallax .av-parallax-inner{\nbackground-repeat:no-repeat;\nbackground-image:url(https:\/\/unterbaech.ch\/wp-content\/uploads\/2020\/07\/DSC06746.jpg);\nbackground-position:50% 0%;\nbackground-attachment:scroll;\n}\n<\/style>\n<div id='av_section_1'  class='avia-section av-kbax8y3e-e68291147bf4fd1d9df5b77bdbfe6f99 main_color avia-section-default avia-no-border-styling  avia-builder-el-0  el_before_av_section  avia-builder-el-first  section-fullwidthimage winter avia-full-stretch av-parallax-section avia-bg-style-parallax av-minimum-height av-minimum-height-50 av-height-50  container_wrap fullsize'  data-section-bg-repeat='stretch' data-av_minimum_height_pc='50' data-av_min_height_opt='50'><div class='av-parallax' data-avia-parallax-ratio='0.3' ><div class='av-parallax-inner main_color avia-full-stretch'><\/div><\/div><div class='container av-section-cont-open' ><main  role=\"main\" itemprop=\"mainContentOfPage\"  class='template-page content  av-content-full alpha units'><div class='post-entry post-entry-type-page post-entry-20249'><div class='entry-content-wrapper clearfix'>\n<\/div><\/div><\/main><!-- close content main element --><\/div><\/div>\n<style type=\"text\/css\" data-created_by=\"avia_inline_auto\" id=\"style-css-av-kbax8y3e-21-34cb03034832203982a96f4817043507\">\n.avia-section.av-kbax8y3e-21-34cb03034832203982a96f4817043507 .av-parallax .av-parallax-inner{\nbackground-repeat:no-repeat;\nbackground-image:url(https:\/\/unterbaech.ch\/wp-content\/uploads\/DSC00625_marcoschnyder.jpg);\nbackground-position:50% 0%;\nbackground-attachment:scroll;\n}\n<\/style>\n<div id='av_section_2'  class='avia-section av-kbax8y3e-21-34cb03034832203982a96f4817043507 main_color avia-section-default avia-no-border-styling  avia-builder-el-1  el_after_av_section  el_before_av_section  section-fullwidthimage summer avia-full-stretch av-parallax-section avia-bg-style-parallax av-minimum-height av-minimum-height-50 av-height-50  container_wrap fullsize'  data-section-bg-repeat='stretch' data-av_minimum_height_pc='50' data-av_min_height_opt='50'><div class='av-parallax' data-avia-parallax-ratio='0.3' ><div class='av-parallax-inner main_color avia-full-stretch'><\/div><\/div><div class='container av-section-cont-open' ><div class='template-page content  av-content-full alpha units'><div class='post-entry post-entry-type-page post-entry-20249'><div class='entry-content-wrapper clearfix'>\n<\/div><\/div><\/div><!-- close content main div --><\/div><\/div><div id='av_section_3'  class='avia-section av-1n2h9-eef07d2470a934665895b572bc96122f main_color avia-section-default avia-no-border-styling  avia-builder-el-2  el_after_av_section  el_before_av_textblock  section-leadtext onecol avia-bg-style-scroll container_wrap fullsize'  ><div class='container av-section-cont-open' ><div class='template-page content  av-content-full alpha units'><div class='post-entry post-entry-type-page post-entry-20249'><div class='entry-content-wrapper clearfix'>\n<section  class='av_textblock_section av-kbawhdx8-b39b97e16270520742dd6d07af52bcbd '   itemscope=\"itemscope\" itemtype=\"https:\/\/schema.org\/CreativeWork\" ><div class='avia_textblock'  itemprop=\"text\" ><p style=\"text-align: center;\"><strong>2026\/2027<\/strong><\/p>\n<h3 style=\"text-align: center;\">MAGIC PASS<\/h3>\n<\/div><\/section>\n<section  class='av_textblock_section av-kbawhdx8-20-f9d7e109261a187b20f6b354fc1295f8 '   itemscope=\"itemscope\" itemtype=\"https:\/\/schema.org\/CreativeWork\" ><div class='avia_textblock lead'  itemprop=\"text\" ><p>Depuis 2023, les remont\u00e9es m\u00e9caniques d&rsquo;Unterb\u00e4ch font partie du Magic Pass. Que tu pr\u00e9f\u00e8res la randonn\u00e9e, le ski, le VTT ou la luge, invite \u00e0 la d\u00e9couverte et \u00e0 l&rsquo;exp\u00e9rimentation. Tu peux commander le Magic Pass en ligne sur <a href=\"http:\/\/www.magicpass.ch\/\">www.magicpass.ch<\/a>.<\/p>\n<\/div><\/section>\n<div  class='avia-button-wrap av-kbajg3mm-c52b6418f615038fcd51264b810602a0-wrap avia-button-center  avia-builder-el-5  el_after_av_textblock  el_before_av_hr '><a href='http:\/\/www.magicpass.ch '  class='avia-button av-kbajg3mm-c52b6418f615038fcd51264b810602a0 av-link-btn avia-icon_select-no avia-size-small avia-position-center avia-color-theme-color'   aria-label=\"Commander maintenant\"><span class='avia_iconbox_title' >Commander maintenant<\/span><\/a><\/div>\n\n<style type=\"text\/css\" data-created_by=\"avia_inline_auto\" id=\"style-css-av-kfnnl62b-cafe8829d5c03d19662a74fe136a2290\">\n#top .hr.hr-invisible.av-kfnnl62b-cafe8829d5c03d19662a74fe136a2290{\nheight:25px;\n}\n<\/style>\n<div  class='hr av-kfnnl62b-cafe8829d5c03d19662a74fe136a2290 hr-invisible  avia-builder-el-6  el_after_av_button  el_before_av_textblock '><span class='hr-inner '><span class=\"hr-inner-style\"><\/span><\/span><\/div>\n<section  class='av_textblock_section av-kb9j7yy8-ccc98d4ac47fd89af654b699ab526e2d '   itemscope=\"itemscope\" itemtype=\"https:\/\/schema.org\/CreativeWork\" ><div class='avia_textblock'  itemprop=\"text\" ><p>Bien entendu, il est toujours possible d&rsquo;utiliser les pistes d&rsquo;Unterb\u00e4ch sans le Magic Pass. Les offres suivantes sont toujours disponibles pour l&rsquo;utilisation des remont\u00e9es m\u00e9caniques d&rsquo;Unterb\u00e4ch :<\/p>\n<ul>\n<li>Forfaits journaliers et demi-journaliers<\/li>\n<li>Forfaits pour plusieurs jours<\/li>\n<li>Cartes de randonn\u00e9es<\/li>\n<li>Trajets individuels et retours Unterb\u00e4ch-Brandalp<\/li>\n<\/ul>\n<\/div><\/section>\n<div  class='avia-button-wrap av-lo1l2ms9-237ee6a15d151fa5f9464cfa993ff8d8-wrap avia-button-center  avia-builder-el-8  el_after_av_textblock  avia-builder-el-last '><a href='https:\/\/unterbaech.ch\/fr\/remontees-mecaniques-de-sport\/tarifs-dhiver\/'  class='avia-button av-lo1l2ms9-237ee6a15d151fa5f9464cfa993ff8d8 av-link-btn avia-icon_select-no avia-size-small avia-position-center avia-color-theme-color'   aria-label=\"Vers les tarifs\"><span class='avia_iconbox_title' >Vers les tarifs<\/span><\/a><\/div>\n<\/div><\/div><\/div><!-- close content main div --><\/div><\/div><div id='after_section_3'  class='main_color av_default_container_wrap container_wrap fullsize'  ><div class='container av-section-cont-open' ><div class='template-page content  av-content-full alpha units'><div class='post-entry post-entry-type-page post-entry-20249'><div class='entry-content-wrapper clearfix'><section  class='av_textblock_section av-lo1l15rc-4b7a6f90bf95b3c24a5806883c192ed1 '   itemscope=\"itemscope\" itemtype=\"https:\/\/schema.org\/CreativeWork\" ><div class='avia_textblock lead'  itemprop=\"text\" ><p>En adh\u00e9rant au Magic Pass, nous suivrons d\u00e9sormais les directives du Magic Pass, qui correspondent \u00e0 celles des transports publics. Cela signifie que:<\/p>\n<p><strong>Les enfants jusqu&rsquo;\u00e0 6 ans skieront tous gratuitement chez nous.<\/strong><\/p>\n<p>\u00c0 partir de 16 ans, le tarif adulte sera appliqu\u00e9, sans distinction entre les r\u00e9sidents et les visiteurs, comme c&rsquo;est le cas pour le Magic Pass.<\/p>\n<p><strong>Magic Pass avec LRU<\/strong><\/p>\n<p>Sur pr\u00e9sentation du Magic Pass au guichet du t\u00e9l\u00e9ph\u00e9rique Raron-Unterb\u00e4ch, tu re\u00e7ois le suppl\u00e9ment* LRU (t\u00e9l\u00e9ph\u00e9rique Raron-Unterb\u00e4ch) pour un suppl\u00e9ment de CHF 50.- pour les adultes et de CHF 25.- pour les enfants pour toute la saison d&rsquo;hiver 2023\/24.<\/p>\n<p><em>*Pas d&rsquo;utilisation commerciale<\/em><\/p>\n<\/div><\/section><\/p>\n","protected":false},"excerpt":{"rendered":"","protected":false},"author":9,"featured_media":0,"parent":15925,"menu_order":0,"comment_status":"closed","ping_status":"closed","template":"","meta":{"inline_featured_image":false,"footnotes":""},"class_list":["post-20249","page","type-page","status-publish","hentry"],"yoast_head":"<!-- This site is optimized with the Yoast SEO plugin v27.3 - https:\/\/yoast.com\/product\/yoast-seo-wordpress\/ -->\n<title>Magic Pass - Unterb\u00e4ch<\/title>\n<meta name=\"description\" content=\"Les Sportbahnen Unterb\u00e4ch font partie du Magic Pass depuis le 1er mai 2023. Ce nouveau forfait de loisirs valable toute l&#039;ann\u00e9e remplace l&#039;abonnement r\u00e9gional classique pour la saison d&#039;hiver &quot;Rund um Visp&quot;. Que tu pr\u00e9f\u00e8res la randonn\u00e9e, le ski, le VTT ou la luge, l&#039;offre des 69 destinations hivernales et des 31 destinations estivales est tr\u00e8s vari\u00e9e et invite \u00e0 la d\u00e9couverte et \u00e0 l&#039;exp\u00e9rimentation.\" \/>\n<meta name=\"robots\" content=\"index, follow, max-snippet:-1, max-image-preview:large, max-video-preview:-1\" \/>\n<link rel=\"canonical\" href=\"https:\/\/unterbaech.ch\/fr\/remontees-mecaniques-de-sport\/magic-pass\/\" \/>\n<meta property=\"og:locale\" content=\"fr_FR\" \/>\n<meta property=\"og:type\" content=\"article\" \/>\n<meta property=\"og:title\" content=\"Magic Pass - Unterb\u00e4ch\" \/>\n<meta property=\"og:description\" content=\"Les Sportbahnen Unterb\u00e4ch font partie du Magic Pass depuis le 1er mai 2023. Ce nouveau forfait de loisirs valable toute l&#039;ann\u00e9e remplace l&#039;abonnement r\u00e9gional classique pour la saison d&#039;hiver &quot;Rund um Visp&quot;. Que tu pr\u00e9f\u00e8res la randonn\u00e9e, le ski, le VTT ou la luge, l&#039;offre des 69 destinations hivernales et des 31 destinations estivales est tr\u00e8s vari\u00e9e et invite \u00e0 la d\u00e9couverte et \u00e0 l&#039;exp\u00e9rimentation.\" \/>\n<meta property=\"og:url\" content=\"https:\/\/unterbaech.ch\/fr\/remontees-mecaniques-de-sport\/magic-pass\/\" \/>\n<meta property=\"og:site_name\" content=\"Unterb\u00e4ch\" \/>\n<meta property=\"article:publisher\" content=\"https:\/\/www.facebook.com\/unterbaech\" \/>\n<meta property=\"article:modified_time\" content=\"2026-03-18T09:41:09+00:00\" \/>\n<meta name=\"twitter:card\" content=\"summary_large_image\" \/>\n<meta name=\"twitter:label1\" content=\"Dur\u00e9e de lecture estim\u00e9e\" \/>\n\t<meta name=\"twitter:data1\" content=\"2 minutes\" \/>\n<script type=\"application\/ld+json\" class=\"yoast-schema-graph\">{\"@context\":\"https:\\\/\\\/schema.org\",\"@graph\":[{\"@type\":\"WebPage\",\"@id\":\"https:\\\/\\\/unterbaech.ch\\\/fr\\\/remontees-mecaniques-de-sport\\\/magic-pass\\\/\",\"url\":\"https:\\\/\\\/unterbaech.ch\\\/fr\\\/remontees-mecaniques-de-sport\\\/magic-pass\\\/\",\"name\":\"Magic Pass - Unterb\u00e4ch\",\"isPartOf\":{\"@id\":\"https:\\\/\\\/unterbaech.ch\\\/fr\\\/#website\"},\"datePublished\":\"2023-11-02T08:47:38+00:00\",\"dateModified\":\"2026-03-18T09:41:09+00:00\",\"description\":\"Les Sportbahnen Unterb\u00e4ch font partie du Magic Pass depuis le 1er mai 2023. Ce nouveau forfait de loisirs valable toute l'ann\u00e9e remplace l'abonnement r\u00e9gional classique pour la saison d'hiver \\\"Rund um Visp\\\". Que tu pr\u00e9f\u00e8res la randonn\u00e9e, le ski, le VTT ou la luge, l'offre des 69 destinations hivernales et des 31 destinations estivales est tr\u00e8s vari\u00e9e et invite \u00e0 la d\u00e9couverte et \u00e0 l'exp\u00e9rimentation.\",\"breadcrumb\":{\"@id\":\"https:\\\/\\\/unterbaech.ch\\\/fr\\\/remontees-mecaniques-de-sport\\\/magic-pass\\\/#breadcrumb\"},\"inLanguage\":\"fr-FR\",\"potentialAction\":[{\"@type\":\"ReadAction\",\"target\":[\"https:\\\/\\\/unterbaech.ch\\\/fr\\\/remontees-mecaniques-de-sport\\\/magic-pass\\\/\"]}]},{\"@type\":\"BreadcrumbList\",\"@id\":\"https:\\\/\\\/unterbaech.ch\\\/fr\\\/remontees-mecaniques-de-sport\\\/magic-pass\\\/#breadcrumb\",\"itemListElement\":[{\"@type\":\"ListItem\",\"position\":1,\"name\":\"Startseite\",\"item\":\"https:\\\/\\\/unterbaech.ch\\\/fr\\\/accueil\\\/\"},{\"@type\":\"ListItem\",\"position\":2,\"name\":\"Remont\u00e9es m\u00e9caniques de sport\",\"item\":\"https:\\\/\\\/unterbaech.ch\\\/fr\\\/remontees-mecaniques-de-sport\\\/\"},{\"@type\":\"ListItem\",\"position\":3,\"name\":\"Magic Pass\"}]},{\"@type\":\"WebSite\",\"@id\":\"https:\\\/\\\/unterbaech.ch\\\/fr\\\/#website\",\"url\":\"https:\\\/\\\/unterbaech.ch\\\/fr\\\/\",\"name\":\"Unterb\u00e4ch\",\"description\":\"\",\"publisher\":{\"@id\":\"https:\\\/\\\/unterbaech.ch\\\/fr\\\/#organization\"},\"potentialAction\":[{\"@type\":\"SearchAction\",\"target\":{\"@type\":\"EntryPoint\",\"urlTemplate\":\"https:\\\/\\\/unterbaech.ch\\\/fr\\\/?s={search_term_string}\"},\"query-input\":{\"@type\":\"PropertyValueSpecification\",\"valueRequired\":true,\"valueName\":\"search_term_string\"}}],\"inLanguage\":\"fr-FR\"},{\"@type\":\"Organization\",\"@id\":\"https:\\\/\\\/unterbaech.ch\\\/fr\\\/#organization\",\"name\":\"Unterb\u00e4ch Tourismus\",\"url\":\"https:\\\/\\\/unterbaech.ch\\\/fr\\\/\",\"logo\":{\"@type\":\"ImageObject\",\"inLanguage\":\"fr-FR\",\"@id\":\"https:\\\/\\\/unterbaech.ch\\\/fr\\\/#\\\/schema\\\/logo\\\/image\\\/\",\"url\":\"https:\\\/\\\/unterbaech.ch\\\/wp-content\\\/uploads\\\/Logo-1.png\",\"contentUrl\":\"https:\\\/\\\/unterbaech.ch\\\/wp-content\\\/uploads\\\/Logo-1.png\",\"width\":1125,\"height\":1102,\"caption\":\"Unterb\u00e4ch Tourismus\"},\"image\":{\"@id\":\"https:\\\/\\\/unterbaech.ch\\\/fr\\\/#\\\/schema\\\/logo\\\/image\\\/\"},\"sameAs\":[\"https:\\\/\\\/www.facebook.com\\\/unterbaech\",\"https:\\\/\\\/www.instagram.com\\\/visit.unterbaech\\\/\",\"https:\\\/\\\/de.wikipedia.org\\\/wiki\\\/Unterb\u00e4ch\"]}]}<\/script>\n<!-- \/ Yoast SEO plugin. -->","yoast_head_json":{"title":"Magic Pass - Unterb\u00e4ch","description":"Les Sportbahnen Unterb\u00e4ch font partie du Magic Pass depuis le 1er mai 2023. Ce nouveau forfait de loisirs valable toute l'ann\u00e9e remplace l'abonnement r\u00e9gional classique pour la saison d'hiver \"Rund um Visp\". Que tu pr\u00e9f\u00e8res la randonn\u00e9e, le ski, le VTT ou la luge, l'offre des 69 destinations hivernales et des 31 destinations estivales est tr\u00e8s vari\u00e9e et invite \u00e0 la d\u00e9couverte et \u00e0 l'exp\u00e9rimentation.","robots":{"index":"index","follow":"follow","max-snippet":"max-snippet:-1","max-image-preview":"max-image-preview:large","max-video-preview":"max-video-preview:-1"},"canonical":"https:\/\/unterbaech.ch\/fr\/remontees-mecaniques-de-sport\/magic-pass\/","og_locale":"fr_FR","og_type":"article","og_title":"Magic Pass - Unterb\u00e4ch","og_description":"Les Sportbahnen Unterb\u00e4ch font partie du Magic Pass depuis le 1er mai 2023. Ce nouveau forfait de loisirs valable toute l'ann\u00e9e remplace l'abonnement r\u00e9gional classique pour la saison d'hiver \"Rund um Visp\". Que tu pr\u00e9f\u00e8res la randonn\u00e9e, le ski, le VTT ou la luge, l'offre des 69 destinations hivernales et des 31 destinations estivales est tr\u00e8s vari\u00e9e et invite \u00e0 la d\u00e9couverte et \u00e0 l'exp\u00e9rimentation.","og_url":"https:\/\/unterbaech.ch\/fr\/remontees-mecaniques-de-sport\/magic-pass\/","og_site_name":"Unterb\u00e4ch","article_publisher":"https:\/\/www.facebook.com\/unterbaech","article_modified_time":"2026-03-18T09:41:09+00:00","twitter_card":"summary_large_image","twitter_misc":{"Dur\u00e9e de lecture estim\u00e9e":"2 minutes"},"schema":{"@context":"https:\/\/schema.org","@graph":[{"@type":"WebPage","@id":"https:\/\/unterbaech.ch\/fr\/remontees-mecaniques-de-sport\/magic-pass\/","url":"https:\/\/unterbaech.ch\/fr\/remontees-mecaniques-de-sport\/magic-pass\/","name":"Magic Pass - Unterb\u00e4ch","isPartOf":{"@id":"https:\/\/unterbaech.ch\/fr\/#website"},"datePublished":"2023-11-02T08:47:38+00:00","dateModified":"2026-03-18T09:41:09+00:00","description":"Les Sportbahnen Unterb\u00e4ch font partie du Magic Pass depuis le 1er mai 2023. Ce nouveau forfait de loisirs valable toute l'ann\u00e9e remplace l'abonnement r\u00e9gional classique pour la saison d'hiver \"Rund um Visp\". Que tu pr\u00e9f\u00e8res la randonn\u00e9e, le ski, le VTT ou la luge, l'offre des 69 destinations hivernales et des 31 destinations estivales est tr\u00e8s vari\u00e9e et invite \u00e0 la d\u00e9couverte et \u00e0 l'exp\u00e9rimentation.","breadcrumb":{"@id":"https:\/\/unterbaech.ch\/fr\/remontees-mecaniques-de-sport\/magic-pass\/#breadcrumb"},"inLanguage":"fr-FR","potentialAction":[{"@type":"ReadAction","target":["https:\/\/unterbaech.ch\/fr\/remontees-mecaniques-de-sport\/magic-pass\/"]}]},{"@type":"BreadcrumbList","@id":"https:\/\/unterbaech.ch\/fr\/remontees-mecaniques-de-sport\/magic-pass\/#breadcrumb","itemListElement":[{"@type":"ListItem","position":1,"name":"Startseite","item":"https:\/\/unterbaech.ch\/fr\/accueil\/"},{"@type":"ListItem","position":2,"name":"Remont\u00e9es m\u00e9caniques de sport","item":"https:\/\/unterbaech.ch\/fr\/remontees-mecaniques-de-sport\/"},{"@type":"ListItem","position":3,"name":"Magic Pass"}]},{"@type":"WebSite","@id":"https:\/\/unterbaech.ch\/fr\/#website","url":"https:\/\/unterbaech.ch\/fr\/","name":"Unterb\u00e4ch","description":"","publisher":{"@id":"https:\/\/unterbaech.ch\/fr\/#organization"},"potentialAction":[{"@type":"SearchAction","target":{"@type":"EntryPoint","urlTemplate":"https:\/\/unterbaech.ch\/fr\/?s={search_term_string}"},"query-input":{"@type":"PropertyValueSpecification","valueRequired":true,"valueName":"search_term_string"}}],"inLanguage":"fr-FR"},{"@type":"Organization","@id":"https:\/\/unterbaech.ch\/fr\/#organization","name":"Unterb\u00e4ch Tourismus","url":"https:\/\/unterbaech.ch\/fr\/","logo":{"@type":"ImageObject","inLanguage":"fr-FR","@id":"https:\/\/unterbaech.ch\/fr\/#\/schema\/logo\/image\/","url":"https:\/\/unterbaech.ch\/wp-content\/uploads\/Logo-1.png","contentUrl":"https:\/\/unterbaech.ch\/wp-content\/uploads\/Logo-1.png","width":1125,"height":1102,"caption":"Unterb\u00e4ch Tourismus"},"image":{"@id":"https:\/\/unterbaech.ch\/fr\/#\/schema\/logo\/image\/"},"sameAs":["https:\/\/www.facebook.com\/unterbaech","https:\/\/www.instagram.com\/visit.unterbaech\/","https:\/\/de.wikipedia.org\/wiki\/Unterb\u00e4ch"]}]}},"_links":{"self":[{"href":"https:\/\/unterbaech.ch\/fr\/wp-json\/wp\/v2\/pages\/20249","targetHints":{"allow":["GET"]}}],"collection":[{"href":"https:\/\/unterbaech.ch\/fr\/wp-json\/wp\/v2\/pages"}],"about":[{"href":"https:\/\/unterbaech.ch\/fr\/wp-json\/wp\/v2\/types\/page"}],"author":[{"embeddable":true,"href":"https:\/\/unterbaech.ch\/fr\/wp-json\/wp\/v2\/users\/9"}],"replies":[{"embeddable":true,"href":"https:\/\/unterbaech.ch\/fr\/wp-json\/wp\/v2\/comments?post=20249"}],"version-history":[{"count":8,"href":"https:\/\/unterbaech.ch\/fr\/wp-json\/wp\/v2\/pages\/20249\/revisions"}],"predecessor-version":[{"id":29305,"href":"https:\/\/unterbaech.ch\/fr\/wp-json\/wp\/v2\/pages\/20249\/revisions\/29305"}],"up":[{"embeddable":true,"href":"https:\/\/unterbaech.ch\/fr\/wp-json\/wp\/v2\/pages\/15925"}],"wp:attachment":[{"href":"https:\/\/unterbaech.ch\/fr\/wp-json\/wp\/v2\/media?parent=20249"}],"curies":[{"name":"wp","href":"https:\/\/api.w.org\/{rel}","templated":true}]}}