{"id":25633,"date":"2025-05-06T13:42:34","date_gmt":"2025-05-06T11:42:34","guid":{"rendered":"https:\/\/unterbaech.ch\/planifier-reserver\/dormir-profiter\/saunakiste\/"},"modified":"2025-05-06T13:49:51","modified_gmt":"2025-05-06T11:49:51","slug":"saunakiste","status":"publish","type":"page","link":"https:\/\/unterbaech.ch\/fr\/planifier-reserver\/dormir-profiter\/saunakiste\/","title":{"rendered":"Saunakiste"},"content":{"rendered":"\n<style type=\"text\/css\" data-created_by=\"avia_inline_auto\" id=\"style-css-av-kbax8y3e-d689489eb912f60085ce93e0210178dc\">\n.avia-section.av-kbax8y3e-d689489eb912f60085ce93e0210178dc .av-parallax .av-parallax-inner{\nbackground-repeat:no-repeat;\nbackground-image:url(https:\/\/unterbaech.ch\/wp-content\/uploads\/DSC02586_marcoschnyder.jpg);\nbackground-position:50% 50%;\nbackground-attachment:scroll;\n}\n<\/style>\n<div id='av_section_1'  class='avia-section av-kbax8y3e-d689489eb912f60085ce93e0210178dc main_color avia-section-default avia-no-border-styling  avia-builder-el-0  el_before_av_section  avia-builder-el-first  section-fullwidthimage avia-full-stretch av-parallax-section avia-bg-style-parallax av-minimum-height av-minimum-height-50 av-height-50  container_wrap fullsize'  data-section-bg-repeat='stretch' data-av_minimum_height_pc='50' data-av_min_height_opt='50'><div class='av-parallax' data-avia-parallax-ratio='0.3' ><div class='av-parallax-inner main_color avia-full-stretch'><\/div><\/div><div class='container av-section-cont-open' ><main  role=\"main\" itemprop=\"mainContentOfPage\"  class='template-page content  av-content-full alpha units'><div class='post-entry post-entry-type-page post-entry-25633'><div class='entry-content-wrapper clearfix'>\n<\/div><\/div><\/main><!-- close content main element --><\/div><\/div><div id='av_section_2'  class='avia-section av-1n2h9-eef07d2470a934665895b572bc96122f main_color avia-section-default avia-no-border-styling  avia-builder-el-1  el_after_av_section  el_before_av_section  section-leadtext onecol avia-bg-style-scroll container_wrap fullsize'  ><div class='container av-section-cont-open' ><div class='template-page content  av-content-full alpha units'><div class='post-entry post-entry-type-page post-entry-25633'><div class='entry-content-wrapper clearfix'>\n<section  class='av_textblock_section av-kbawhdx8-aafd6986f60364d4af7d68b05c94543c '   itemscope=\"itemscope\" itemtype=\"https:\/\/schema.org\/CreativeWork\" ><div class='avia_textblock'  itemprop=\"text\" ><p style=\"text-align: center;\"><strong>Profitez<\/strong><\/p>\n<h3 style=\"text-align: center;\">SAUNAKISTE<\/h3>\n<p>\u00a0<\/p>\n<\/div><\/section>\n<section  class='av_textblock_section av-kbawhdx8-3-173f9d5799163b7da7bec486bf075bc7 '   itemscope=\"itemscope\" itemtype=\"https:\/\/schema.org\/CreativeWork\" ><div class='avia_textblock lead'  itemprop=\"text\" ><div style=\"text-align: center;\">\n<p>Sous le village d\u2019Unterb\u00e4ch se trouve la zone de d\u00e9tente Seepark Augstbord \u2013 un paradis naturel avec un lac de 1&rsquo;000 m\u00b2. Juste au bord du lac, la Saunakiste vous invite \u00e0 une exp\u00e9rience sauna exceptionnelle avec une vue imprenable sur le Bietschhorn et le panorama alpin environnant.<\/p>\n<\/div>\n<\/div><\/section>\n<\/div><\/div><\/div><!-- close content main div --><\/div><\/div><div id='av_section_3'  class='avia-section av-2ozu1-d0416f96d23280b881dcadfb59c1e2de main_color avia-section-default avia-no-border-styling  avia-builder-el-4  el_after_av_section  avia-builder-el-last  section-leadtext image avia-bg-style-scroll container_wrap fullsize'  ><div class='container av-section-cont-open' ><div class='template-page content  av-content-full alpha units'><div class='post-entry post-entry-type-page post-entry-25633'><div class='entry-content-wrapper clearfix'>\n<div class='flex_column_table av-3z81-f10b1524d109005ce059068763d09583 sc-av_one_half av-break-at-tablet-flextable av-equal-height-column-flextable'>\n<style type=\"text\/css\" data-created_by=\"avia_inline_auto\" id=\"style-css-av-3z81-f10b1524d109005ce059068763d09583\">\n.flex_column.av-3z81-f10b1524d109005ce059068763d09583{\nborder-radius:0px 0px 0px 0px;\npadding:0px 0px 0px 0px;\n}\n<\/style>\n<div  class='flex_column av-3z81-f10b1524d109005ce059068763d09583 av_one_half  avia-builder-el-5  el_before_av_one_half  avia-builder-el-first  first av-break-at-tablet flex_column_table_cell av-equal-height-column av-align-top av-zero-column-padding  '     ><p><section  class='av_textblock_section av-jwhniv6n-77f7ff782a49c8302190c64c50e5312d '   itemscope=\"itemscope\" itemtype=\"https:\/\/schema.org\/CreativeWork\" ><div class='avia_textblock'  itemprop=\"text\" ><p><strong>LA SAUNA \u00c0 UNTERB\u00c4CH<\/strong><\/p>\n<\/div><\/section><br \/>\n<section  class='av_textblock_section av-jwhniv6n-1-a7fe3aca4d275f384740b5359dea7c7a '   itemscope=\"itemscope\" itemtype=\"https:\/\/schema.org\/CreativeWork\" ><div class='avia_textblock lead'  itemprop=\"text\" ><div style=\"text-align: center;\">\n<p style=\"text-align: left;\">Le sauna peut accueillir jusqu\u2019\u00e0 4 personnes. Lorsque vous effectuez une r\u00e9servation, vous le louez en exclusivit\u00e9 pour vous et vos proches. Un po\u00eale \u00e0 bois chauffe le sauna, qui atteint une temp\u00e9rature d\u2019environ 80 \u00e0 90 degr\u00e9s.<\/p>\n<p style=\"text-align: left;\">Tout ce que vous devez savoir pour votre visite \u00e0 la Saunakiste se trouve plus bas.<\/p>\n<p style=\"text-align: left;\"><strong>Du 18.04.2025 au 30.09.2025 \u2013 Ouvert tous les jours de 07h00 \u00e0 22h00<\/strong><\/p>\n<\/div>\n<\/div><\/section><br \/>\n<div  class='avia-button-wrap av-kbamxyjq-eafc6aed061477ff77b2363461638495-wrap avia-button-left  avia-builder-el-8  el_after_av_textblock  avia-builder-el-last '><a href='https:\/\/www.saunakiste.ch\/en\/standorte\/sauna-unterbaech'  class='avia-button av-kbamxyjq-eafc6aed061477ff77b2363461638495 av-link-btn avia-icon_select-no avia-size-small avia-position-left avia-color-theme-color'   aria-label=\"R\u00e9server maintenant\"><span class='avia_iconbox_title' >R\u00e9server maintenant<\/span><\/a><\/div><\/p><\/div><div class='av-flex-placeholder'><\/div>\n<style type=\"text\/css\" data-created_by=\"avia_inline_auto\" id=\"style-css-av-3z81-2-ae116a69e8113a01e3b4b1f5d817904d\">\n.flex_column.av-3z81-2-ae116a69e8113a01e3b4b1f5d817904d{\nborder-radius:0px 0px 0px 0px;\npadding:0px 0px 0px 0px;\n}\n<\/style>\n<div  class='flex_column av-3z81-2-ae116a69e8113a01e3b4b1f5d817904d av_one_half  avia-builder-el-9  el_after_av_one_half  avia-builder-el-last  av-break-at-tablet flex_column_table_cell av-equal-height-column av-align-top av-zero-column-padding avia-full-stretch  '     ><style type=\"text\/css\" data-created_by=\"avia_inline_auto\" id=\"style-css-av-kbccxasc-7f2cafad27067454277a258c17cfbdcf\">\n.avia-image-container.av-kbccxasc-7f2cafad27067454277a258c17cfbdcf img.avia_image{\nbox-shadow:none;\n}\n.avia-image-container.av-kbccxasc-7f2cafad27067454277a258c17cfbdcf .av-image-caption-overlay-center{\ncolor:#ffffff;\n}\n<\/style>\n<div  class='avia-image-container av-kbccxasc-7f2cafad27067454277a258c17cfbdcf av-styling- avia-align-center  avia-builder-el-10  avia-builder-el-no-sibling '   itemprop=\"image\" itemscope=\"itemscope\" itemtype=\"https:\/\/schema.org\/ImageObject\" ><div class=\"avia-image-container-inner\"><div class=\"avia-image-overlay-wrap\"><img decoding=\"async\" fetchpriority=\"high\" class='wp-image-25617 avia-img-lazy-loading-not-25617 avia_image ' src=\"https:\/\/unterbaech.ch\/wp-content\/uploads\/a790ad_465e6e134304473aa31241e29282e360mv2.avif\" alt='' title='a790ad_465e6e134304473aa31241e29282e360~mv2'  height=\"483\" width=\"646\"  itemprop=\"thumbnailUrl\"  \/><\/div><\/div><\/div><\/div><\/div><!--close column table wrapper. Autoclose: 1 --><\/p>\n","protected":false},"excerpt":{"rendered":"","protected":false},"author":12,"featured_media":0,"parent":14437,"menu_order":0,"comment_status":"closed","ping_status":"closed","template":"","meta":{"inline_featured_image":false,"footnotes":""},"class_list":["post-25633","page","type-page","status-publish","hentry"],"yoast_head":"<!-- This site is optimized with the Yoast SEO plugin v27.4 - https:\/\/yoast.com\/product\/yoast-seo-wordpress\/ -->\n<title>Saunakiste - Unterb\u00e4ch<\/title>\n<meta name=\"description\" content=\"Une exp\u00e9rience pure \u2013 directement au bord du lac du Seepark, la \u00ab\u202fSaunakiste\u202f\u00bb vous invite \u00e0 une exp\u00e9rience de sauna tout \u00e0 fait unique avec une vue imprenable sur le Bietschhorn et le panorama montagneux environnant.\" \/>\n<meta name=\"robots\" content=\"index, follow, max-snippet:-1, max-image-preview:large, max-video-preview:-1\" \/>\n<link rel=\"canonical\" href=\"https:\/\/unterbaech.ch\/fr\/planifier-reserver\/dormir-profiter\/saunakiste\/\" \/>\n<meta property=\"og:locale\" content=\"fr_FR\" \/>\n<meta property=\"og:type\" content=\"article\" \/>\n<meta property=\"og:title\" content=\"Saunakiste - Unterb\u00e4ch\" \/>\n<meta property=\"og:description\" content=\"Une exp\u00e9rience pure \u2013 directement au bord du lac du Seepark, la \u00ab\u202fSaunakiste\u202f\u00bb vous invite \u00e0 une exp\u00e9rience de sauna tout \u00e0 fait unique avec une vue imprenable sur le Bietschhorn et le panorama montagneux environnant.\" \/>\n<meta property=\"og:url\" content=\"https:\/\/unterbaech.ch\/fr\/planifier-reserver\/dormir-profiter\/saunakiste\/\" \/>\n<meta property=\"og:site_name\" content=\"Unterb\u00e4ch\" \/>\n<meta property=\"article:publisher\" content=\"https:\/\/www.facebook.com\/unterbaech\" \/>\n<meta property=\"article:modified_time\" content=\"2025-05-06T11:49:51+00:00\" \/>\n<meta name=\"twitter:card\" content=\"summary_large_image\" \/>\n<meta name=\"twitter:label1\" content=\"Dur\u00e9e de lecture estim\u00e9e\" \/>\n\t<meta name=\"twitter:data1\" content=\"1 minute\" \/>\n<script type=\"application\/ld+json\" class=\"yoast-schema-graph\">{\"@context\":\"https:\\\/\\\/schema.org\",\"@graph\":[{\"@type\":\"WebPage\",\"@id\":\"https:\\\/\\\/unterbaech.ch\\\/fr\\\/planifier-reserver\\\/dormir-profiter\\\/saunakiste\\\/\",\"url\":\"https:\\\/\\\/unterbaech.ch\\\/fr\\\/planifier-reserver\\\/dormir-profiter\\\/saunakiste\\\/\",\"name\":\"Saunakiste - Unterb\u00e4ch\",\"isPartOf\":{\"@id\":\"https:\\\/\\\/unterbaech.ch\\\/fr\\\/#website\"},\"datePublished\":\"2025-05-06T11:42:34+00:00\",\"dateModified\":\"2025-05-06T11:49:51+00:00\",\"description\":\"Une exp\u00e9rience pure \u2013 directement au bord du lac du Seepark, la \u00ab\u202fSaunakiste\u202f\u00bb vous invite \u00e0 une exp\u00e9rience de sauna tout \u00e0 fait unique avec une vue imprenable sur le Bietschhorn et le panorama montagneux environnant.\",\"breadcrumb\":{\"@id\":\"https:\\\/\\\/unterbaech.ch\\\/fr\\\/planifier-reserver\\\/dormir-profiter\\\/saunakiste\\\/#breadcrumb\"},\"inLanguage\":\"fr-FR\",\"potentialAction\":[{\"@type\":\"ReadAction\",\"target\":[\"https:\\\/\\\/unterbaech.ch\\\/fr\\\/planifier-reserver\\\/dormir-profiter\\\/saunakiste\\\/\"]}]},{\"@type\":\"BreadcrumbList\",\"@id\":\"https:\\\/\\\/unterbaech.ch\\\/fr\\\/planifier-reserver\\\/dormir-profiter\\\/saunakiste\\\/#breadcrumb\",\"itemListElement\":[{\"@type\":\"ListItem\",\"position\":1,\"name\":\"Startseite\",\"item\":\"https:\\\/\\\/unterbaech.ch\\\/fr\\\/accueil\\\/\"},{\"@type\":\"ListItem\",\"position\":2,\"name\":\"Planifier &#038; r\u00e9server\",\"item\":\"https:\\\/\\\/unterbaech.ch\\\/fr\\\/planifier-reserver\\\/\"},{\"@type\":\"ListItem\",\"position\":3,\"name\":\"Dormir &#038; profiter\",\"item\":\"https:\\\/\\\/unterbaech.ch\\\/fr\\\/planifier-reserver\\\/dormir-profiter\\\/\"},{\"@type\":\"ListItem\",\"position\":4,\"name\":\"Saunakiste\"}]},{\"@type\":\"WebSite\",\"@id\":\"https:\\\/\\\/unterbaech.ch\\\/fr\\\/#website\",\"url\":\"https:\\\/\\\/unterbaech.ch\\\/fr\\\/\",\"name\":\"Unterb\u00e4ch\",\"description\":\"\",\"publisher\":{\"@id\":\"https:\\\/\\\/unterbaech.ch\\\/fr\\\/#organization\"},\"potentialAction\":[{\"@type\":\"SearchAction\",\"target\":{\"@type\":\"EntryPoint\",\"urlTemplate\":\"https:\\\/\\\/unterbaech.ch\\\/fr\\\/?s={search_term_string}\"},\"query-input\":{\"@type\":\"PropertyValueSpecification\",\"valueRequired\":true,\"valueName\":\"search_term_string\"}}],\"inLanguage\":\"fr-FR\"},{\"@type\":\"Organization\",\"@id\":\"https:\\\/\\\/unterbaech.ch\\\/fr\\\/#organization\",\"name\":\"Unterb\u00e4ch Tourismus\",\"url\":\"https:\\\/\\\/unterbaech.ch\\\/fr\\\/\",\"logo\":{\"@type\":\"ImageObject\",\"inLanguage\":\"fr-FR\",\"@id\":\"https:\\\/\\\/unterbaech.ch\\\/fr\\\/#\\\/schema\\\/logo\\\/image\\\/\",\"url\":\"https:\\\/\\\/unterbaech.ch\\\/wp-content\\\/uploads\\\/Logo-1.png\",\"contentUrl\":\"https:\\\/\\\/unterbaech.ch\\\/wp-content\\\/uploads\\\/Logo-1.png\",\"width\":1125,\"height\":1102,\"caption\":\"Unterb\u00e4ch Tourismus\"},\"image\":{\"@id\":\"https:\\\/\\\/unterbaech.ch\\\/fr\\\/#\\\/schema\\\/logo\\\/image\\\/\"},\"sameAs\":[\"https:\\\/\\\/www.facebook.com\\\/unterbaech\",\"https:\\\/\\\/www.instagram.com\\\/visit.unterbaech\\\/\",\"https:\\\/\\\/de.wikipedia.org\\\/wiki\\\/Unterb\u00e4ch\"]}]}<\/script>\n<!-- \/ Yoast SEO plugin. -->","yoast_head_json":{"title":"Saunakiste - Unterb\u00e4ch","description":"Une exp\u00e9rience pure \u2013 directement au bord du lac du Seepark, la \u00ab\u202fSaunakiste\u202f\u00bb vous invite \u00e0 une exp\u00e9rience de sauna tout \u00e0 fait unique avec une vue imprenable sur le Bietschhorn et le panorama montagneux environnant.","robots":{"index":"index","follow":"follow","max-snippet":"max-snippet:-1","max-image-preview":"max-image-preview:large","max-video-preview":"max-video-preview:-1"},"canonical":"https:\/\/unterbaech.ch\/fr\/planifier-reserver\/dormir-profiter\/saunakiste\/","og_locale":"fr_FR","og_type":"article","og_title":"Saunakiste - Unterb\u00e4ch","og_description":"Une exp\u00e9rience pure \u2013 directement au bord du lac du Seepark, la \u00ab\u202fSaunakiste\u202f\u00bb vous invite \u00e0 une exp\u00e9rience de sauna tout \u00e0 fait unique avec une vue imprenable sur le Bietschhorn et le panorama montagneux environnant.","og_url":"https:\/\/unterbaech.ch\/fr\/planifier-reserver\/dormir-profiter\/saunakiste\/","og_site_name":"Unterb\u00e4ch","article_publisher":"https:\/\/www.facebook.com\/unterbaech","article_modified_time":"2025-05-06T11:49:51+00:00","twitter_card":"summary_large_image","twitter_misc":{"Dur\u00e9e de lecture estim\u00e9e":"1 minute"},"schema":{"@context":"https:\/\/schema.org","@graph":[{"@type":"WebPage","@id":"https:\/\/unterbaech.ch\/fr\/planifier-reserver\/dormir-profiter\/saunakiste\/","url":"https:\/\/unterbaech.ch\/fr\/planifier-reserver\/dormir-profiter\/saunakiste\/","name":"Saunakiste - Unterb\u00e4ch","isPartOf":{"@id":"https:\/\/unterbaech.ch\/fr\/#website"},"datePublished":"2025-05-06T11:42:34+00:00","dateModified":"2025-05-06T11:49:51+00:00","description":"Une exp\u00e9rience pure \u2013 directement au bord du lac du Seepark, la \u00ab\u202fSaunakiste\u202f\u00bb vous invite \u00e0 une exp\u00e9rience de sauna tout \u00e0 fait unique avec une vue imprenable sur le Bietschhorn et le panorama montagneux environnant.","breadcrumb":{"@id":"https:\/\/unterbaech.ch\/fr\/planifier-reserver\/dormir-profiter\/saunakiste\/#breadcrumb"},"inLanguage":"fr-FR","potentialAction":[{"@type":"ReadAction","target":["https:\/\/unterbaech.ch\/fr\/planifier-reserver\/dormir-profiter\/saunakiste\/"]}]},{"@type":"BreadcrumbList","@id":"https:\/\/unterbaech.ch\/fr\/planifier-reserver\/dormir-profiter\/saunakiste\/#breadcrumb","itemListElement":[{"@type":"ListItem","position":1,"name":"Startseite","item":"https:\/\/unterbaech.ch\/fr\/accueil\/"},{"@type":"ListItem","position":2,"name":"Planifier &#038; r\u00e9server","item":"https:\/\/unterbaech.ch\/fr\/planifier-reserver\/"},{"@type":"ListItem","position":3,"name":"Dormir &#038; profiter","item":"https:\/\/unterbaech.ch\/fr\/planifier-reserver\/dormir-profiter\/"},{"@type":"ListItem","position":4,"name":"Saunakiste"}]},{"@type":"WebSite","@id":"https:\/\/unterbaech.ch\/fr\/#website","url":"https:\/\/unterbaech.ch\/fr\/","name":"Unterb\u00e4ch","description":"","publisher":{"@id":"https:\/\/unterbaech.ch\/fr\/#organization"},"potentialAction":[{"@type":"SearchAction","target":{"@type":"EntryPoint","urlTemplate":"https:\/\/unterbaech.ch\/fr\/?s={search_term_string}"},"query-input":{"@type":"PropertyValueSpecification","valueRequired":true,"valueName":"search_term_string"}}],"inLanguage":"fr-FR"},{"@type":"Organization","@id":"https:\/\/unterbaech.ch\/fr\/#organization","name":"Unterb\u00e4ch Tourismus","url":"https:\/\/unterbaech.ch\/fr\/","logo":{"@type":"ImageObject","inLanguage":"fr-FR","@id":"https:\/\/unterbaech.ch\/fr\/#\/schema\/logo\/image\/","url":"https:\/\/unterbaech.ch\/wp-content\/uploads\/Logo-1.png","contentUrl":"https:\/\/unterbaech.ch\/wp-content\/uploads\/Logo-1.png","width":1125,"height":1102,"caption":"Unterb\u00e4ch Tourismus"},"image":{"@id":"https:\/\/unterbaech.ch\/fr\/#\/schema\/logo\/image\/"},"sameAs":["https:\/\/www.facebook.com\/unterbaech","https:\/\/www.instagram.com\/visit.unterbaech\/","https:\/\/de.wikipedia.org\/wiki\/Unterb\u00e4ch"]}]}},"_links":{"self":[{"href":"https:\/\/unterbaech.ch\/fr\/wp-json\/wp\/v2\/pages\/25633","targetHints":{"allow":["GET"]}}],"collection":[{"href":"https:\/\/unterbaech.ch\/fr\/wp-json\/wp\/v2\/pages"}],"about":[{"href":"https:\/\/unterbaech.ch\/fr\/wp-json\/wp\/v2\/types\/page"}],"author":[{"embeddable":true,"href":"https:\/\/unterbaech.ch\/fr\/wp-json\/wp\/v2\/users\/12"}],"replies":[{"embeddable":true,"href":"https:\/\/unterbaech.ch\/fr\/wp-json\/wp\/v2\/comments?post=25633"}],"version-history":[{"count":10,"href":"https:\/\/unterbaech.ch\/fr\/wp-json\/wp\/v2\/pages\/25633\/revisions"}],"predecessor-version":[{"id":25645,"href":"https:\/\/unterbaech.ch\/fr\/wp-json\/wp\/v2\/pages\/25633\/revisions\/25645"}],"up":[{"embeddable":true,"href":"https:\/\/unterbaech.ch\/fr\/wp-json\/wp\/v2\/pages\/14437"}],"wp:attachment":[{"href":"https:\/\/unterbaech.ch\/fr\/wp-json\/wp\/v2\/media?parent=25633"}],"curies":[{"name":"wp","href":"https:\/\/api.w.org\/{rel}","templated":true}]}}